{"id":3307,"date":"2025-03-09T20:23:15","date_gmt":"2025-03-10T03:23:15","guid":{"rendered":"https:\/\/aevbc.org\/?page_id=3307"},"modified":"2025-03-09T21:50:00","modified_gmt":"2025-03-10T04:50:00","slug":"copa-mexico","status":"publish","type":"page","link":"https:\/\/aevbc.org\/index.php\/copa-mexico\/","title":{"rendered":"Copa M\u00e9xico"},"content":{"rendered":"<div class=\"wp-block-image\">\n<figure class=\"aligncenter size-full\"><img loading=\"lazy\" decoding=\"async\" width=\"1172\" height=\"608\" src=\"https:\/\/aevbc.org\/wp-content\/uploads\/2025\/02\/copa-mexico.png\" alt=\"copa mexico voleibol 2025\" class=\"wp-image-3194\" srcset=\"https:\/\/aevbc.org\/wp-content\/uploads\/2025\/02\/copa-mexico.png 1172w, https:\/\/aevbc.org\/wp-content\/uploads\/2025\/02\/copa-mexico-300x156.png 300w, https:\/\/aevbc.org\/wp-content\/uploads\/2025\/02\/copa-mexico-1024x531.png 1024w, https:\/\/aevbc.org\/wp-content\/uploads\/2025\/02\/copa-mexico-768x398.png 768w, https:\/\/aevbc.org\/wp-content\/uploads\/2025\/02\/copa-mexico-696x361.png 696w, https:\/\/aevbc.org\/wp-content\/uploads\/2025\/02\/copa-mexico-1068x554.png 1068w, https:\/\/aevbc.org\/wp-content\/uploads\/2025\/02\/copa-mexico-810x420.png 810w\" sizes=\"auto, (max-width: 1172px) 100vw, 1172px\" \/><\/figure>\n<\/div>\n\n\n<p>Del 24 al 27 de Abril del presente a\u00f1o Tijuana ser\u00e1 testigo del mejor nivel de voleibol de sala del pa\u00eds, ya que durante estos d\u00edas se celebrar\u00e1 en nuestra ciudad la primera <strong>Copa M\u00e9xico<\/strong> que este a\u00f1o hace honor a un gran voleibolista bajacaliforniano ex-seleccionado nacional y mundialista Manuel &#8220;El Tigre&#8221; Padilla.<\/p>\n\n\n\n<p>El evento pretende reunir los mejores equipos de primera divisi\u00f3n del pa\u00eds y el sur de california ofreciendo una bolsa a repartirse de 300 mil pesos en premios.<\/p>\n\n\n\n<p>Vas a viajar a la Copa M\u00e9xico? las siguientes aerol\u00edneas estar\u00e1n ofreciendo descuento en sus tarifas de vuelo<\/p>\n\n\n\n<figure class=\"wp-block-image size-full\"><img loading=\"lazy\" decoding=\"async\" width=\"960\" height=\"720\" src=\"https:\/\/aevbc.org\/wp-content\/uploads\/2025\/02\/IMG-20250220-WA0006.jpg\" alt=\"codigo volaris\" class=\"wp-image-3242\" srcset=\"https:\/\/aevbc.org\/wp-content\/uploads\/2025\/02\/IMG-20250220-WA0006.jpg 960w, https:\/\/aevbc.org\/wp-content\/uploads\/2025\/02\/IMG-20250220-WA0006-300x225.jpg 300w, https:\/\/aevbc.org\/wp-content\/uploads\/2025\/02\/IMG-20250220-WA0006-768x576.jpg 768w, https:\/\/aevbc.org\/wp-content\/uploads\/2025\/02\/IMG-20250220-WA0006-560x420.jpg 560w, https:\/\/aevbc.org\/wp-content\/uploads\/2025\/02\/IMG-20250220-WA0006-80x60.jpg 80w, https:\/\/aevbc.org\/wp-content\/uploads\/2025\/02\/IMG-20250220-WA0006-696x522.jpg 696w, https:\/\/aevbc.org\/wp-content\/uploads\/2025\/02\/IMG-20250220-WA0006-265x198.jpg 265w\" sizes=\"auto, (max-width: 960px) 100vw, 960px\" \/><\/figure>\n\n\n\n<figure class=\"wp-block-image size-large\"><img loading=\"lazy\" decoding=\"async\" width=\"1024\" height=\"999\" src=\"https:\/\/aevbc.org\/wp-content\/uploads\/2025\/03\/aeromexico-1024x999.png\" alt=\"\" class=\"wp-image-3313\" srcset=\"https:\/\/aevbc.org\/wp-content\/uploads\/2025\/03\/aeromexico-1024x999.png 1024w, https:\/\/aevbc.org\/wp-content\/uploads\/2025\/03\/aeromexico-300x293.png 300w, https:\/\/aevbc.org\/wp-content\/uploads\/2025\/03\/aeromexico-768x749.png 768w, https:\/\/aevbc.org\/wp-content\/uploads\/2025\/03\/aeromexico-431x420.png 431w, https:\/\/aevbc.org\/wp-content\/uploads\/2025\/03\/aeromexico-696x679.png 696w, https:\/\/aevbc.org\/wp-content\/uploads\/2025\/03\/aeromexico-1068x1042.png 1068w, https:\/\/aevbc.org\/wp-content\/uploads\/2025\/03\/aeromexico.png 1224w\" sizes=\"auto, (max-width: 1024px) 100vw, 1024px\" \/><\/figure>\n","protected":false},"excerpt":{"rendered":"<p>Del 24 al 27 de Abril del presente a\u00f1o Tijuana ser\u00e1 testigo del mejor nivel de voleibol de sala del pa\u00eds, ya que durante estos d\u00edas se celebrar\u00e1 en nuestra ciudad la primera Copa M\u00e9xico que este a\u00f1o hace honor a un gran voleibolista bajacaliforniano ex-seleccionado nacional y mundialista Manuel &#8220;El Tigre&#8221; Padilla. El evento [&hellip;]<\/p>\n","protected":false},"author":1,"featured_media":0,"parent":0,"menu_order":0,"comment_status":"closed","ping_status":"closed","template":"","meta":{"footnotes":""},"class_list":["post-3307","page","type-page","status-publish"],"_links":{"self":[{"href":"https:\/\/aevbc.org\/index.php\/wp-json\/wp\/v2\/pages\/3307","targetHints":{"allow":["GET"]}}],"collection":[{"href":"https:\/\/aevbc.org\/index.php\/wp-json\/wp\/v2\/pages"}],"about":[{"href":"https:\/\/aevbc.org\/index.php\/wp-json\/wp\/v2\/types\/page"}],"author":[{"embeddable":true,"href":"https:\/\/aevbc.org\/index.php\/wp-json\/wp\/v2\/users\/1"}],"replies":[{"embeddable":true,"href":"https:\/\/aevbc.org\/index.php\/wp-json\/wp\/v2\/comments?post=3307"}],"version-history":[{"count":4,"href":"https:\/\/aevbc.org\/index.php\/wp-json\/wp\/v2\/pages\/3307\/revisions"}],"predecessor-version":[{"id":3314,"href":"https:\/\/aevbc.org\/index.php\/wp-json\/wp\/v2\/pages\/3307\/revisions\/3314"}],"wp:attachment":[{"href":"https:\/\/aevbc.org\/index.php\/wp-json\/wp\/v2\/media?parent=3307"}],"curies":[{"name":"wp","href":"https:\/\/api.w.org\/{rel}","templated":true}]}}