{"id":3317,"date":"2025-03-09T21:17:38","date_gmt":"2025-03-10T04:17:38","guid":{"rendered":"https:\/\/aevbc.org\/?page_id=3317"},"modified":"2025-03-09T23:12:17","modified_gmt":"2025-03-10T06:12:17","slug":"hoteles","status":"publish","type":"page","link":"https:\/\/aevbc.org\/index.php\/hoteles\/","title":{"rendered":"Hoteles"},"content":{"rendered":"\n<p><strong>HOTEL GRAND ONE PLAZA<\/strong> <em><strong>(Hotel Sede de la Copa M\u00e9xico)<\/strong><\/em><\/p>\n\n\n\n<figure class=\"wp-block-image size-full\"><img loading=\"lazy\" decoding=\"async\" width=\"1125\" height=\"900\" src=\"https:\/\/aevbc.org\/wp-content\/uploads\/2025\/03\/623898267.jpg\" alt=\"hotel grand one plaza\" class=\"wp-image-3332\" srcset=\"https:\/\/aevbc.org\/wp-content\/uploads\/2025\/03\/623898267.jpg 1125w, https:\/\/aevbc.org\/wp-content\/uploads\/2025\/03\/623898267-300x240.jpg 300w, https:\/\/aevbc.org\/wp-content\/uploads\/2025\/03\/623898267-1024x819.jpg 1024w, https:\/\/aevbc.org\/wp-content\/uploads\/2025\/03\/623898267-768x614.jpg 768w, https:\/\/aevbc.org\/wp-content\/uploads\/2025\/03\/623898267-525x420.jpg 525w, https:\/\/aevbc.org\/wp-content\/uploads\/2025\/03\/623898267-696x557.jpg 696w, https:\/\/aevbc.org\/wp-content\/uploads\/2025\/03\/623898267-1068x854.jpg 1068w\" sizes=\"auto, (max-width: 1125px) 100vw, 1125px\" \/><\/figure>\n\n\n\n<p>Ubicado en el coraz\u00f3n vibrante de Tijuana, a pocos metros de la famosa Av. Revoluci\u00f3n. Disfruta del hotel m\u00e1s nuevo, con amenidades ideales para tus reuniones empresariales o sociales. Nuestro restaurante y bar tiene a &nbsp; y la comodidad. Con una ubicaci\u00f3n inmejorable, estamos a pocos pasos de los principales puntos de inter\u00e9s de la ciudad, restaurantes de renombre y el famoso distrito de entretenimiento.<\/p>\n\n\n\n<p>Tarifas en habitaci\u00f3n:<\/p>\n\n\n\n<p>1 persona &#8211; $1,500<br>2 personas &#8211; $1,600<br>3 personas &#8211; $1,700<br>4 personas &#8211; $1,800<\/p>\n\n\n\n<p>Impuestos inclu\u00eddos, 2 desayunos por habitaci\u00f3n tipo americano.<\/p>\n\n\n\n<p><strong>Reserva ahora <a href=\"https:\/\/wa.link\/t35rti\" data-type=\"link\" data-id=\"https:\/\/wa.link\/t35rti\" target=\"_blank\" rel=\"noreferrer noopener\">HACIENDO CLICK AQUI<\/a><\/strong><\/p>\n\n\n\n<p><a href=\"https:\/\/www.grandoneplaza.com\/\" target=\"_blank\" rel=\"noreferrer noopener\">www.GrandOnePlaza.com\/<\/a><\/p>\n\n\n\n<hr class=\"wp-block-separator has-alpha-channel-opacity is-style-dots\"\/>\n\n\n\n<p><strong>HOTEL WEST PLAZA<\/strong> <em><strong>(Hotel Sede de la Copa M\u00e9xico)<\/strong><\/em><\/p>\n\n\n\n<figure class=\"wp-block-image size-full\"><img loading=\"lazy\" decoding=\"async\" width=\"2067\" height=\"1383\" src=\"https:\/\/aevbc.org\/wp-content\/uploads\/2025\/03\/west-plaza-01.png\" alt=\"hotel west plaza\" class=\"wp-image-3318\" srcset=\"https:\/\/aevbc.org\/wp-content\/uploads\/2025\/03\/west-plaza-01.png 2067w, https:\/\/aevbc.org\/wp-content\/uploads\/2025\/03\/west-plaza-01-300x201.png 300w, https:\/\/aevbc.org\/wp-content\/uploads\/2025\/03\/west-plaza-01-1024x685.png 1024w, https:\/\/aevbc.org\/wp-content\/uploads\/2025\/03\/west-plaza-01-768x514.png 768w, https:\/\/aevbc.org\/wp-content\/uploads\/2025\/03\/west-plaza-01-1536x1028.png 1536w, https:\/\/aevbc.org\/wp-content\/uploads\/2025\/03\/west-plaza-01-2048x1370.png 2048w, https:\/\/aevbc.org\/wp-content\/uploads\/2025\/03\/west-plaza-01-628x420.png 628w, https:\/\/aevbc.org\/wp-content\/uploads\/2025\/03\/west-plaza-01-696x466.png 696w, https:\/\/aevbc.org\/wp-content\/uploads\/2025\/03\/west-plaza-01-1068x715.png 1068w, https:\/\/aevbc.org\/wp-content\/uploads\/2025\/03\/west-plaza-01-1920x1285.png 1920w\" sizes=\"auto, (max-width: 2067px) 100vw, 2067px\" \/><\/figure>\n\n\n\n<p>Ubicado en el coraz\u00f3n vibrante de Tijuana, a pocos metros de la famosa Av. Revoluci\u00f3n. Disfruta del hotel m\u00e1s nuevo, con amenidades ideales para tus reuniones empresariales o sociales. Nuestro restaurante y bar tiene a &nbsp; y la comodidad. Con una ubicaci\u00f3n inmejorable, estamos a pocos pasos de los principales puntos de inter\u00e9s de la ciudad, restaurantes de renombre y el famoso distrito de entretenimiento.<\/p>\n\n\n\n<p>Tarifas en habitaci\u00f3n:<\/p>\n\n\n\n<p>1 persona &#8211; $1,700<br>2 personas &#8211; $1,800<br>3 personas &#8211; $1,900<br>4 personas &#8211; $2,000<\/p>\n\n\n\n<p>Impuestos inclu\u00eddos, 2 desayunos por habitaci\u00f3n tipo americano.<\/p>\n\n\n\n<p><strong>Reserva ahora <a href=\"https:\/\/wa.link\/t35rti\" data-type=\"link\" data-id=\"https:\/\/wa.link\/t35rti\" target=\"_blank\" rel=\"noreferrer noopener\">HACIENDO CLICK AQUI<\/a><\/strong><\/p>\n\n\n\n<p><a href=\"http:\/\/www.westplaza.mx\" target=\"_blank\" rel=\"noreferrer noopener\">www.WestPlaza.mx<\/a><\/p>\n\n\n\n<hr class=\"wp-block-separator has-alpha-channel-opacity is-style-dots\"\/>\n\n\n\n<p><\/p>\n\n\n\n<p><strong>HOTEL CITY EXPRESS TIJUANA INSURGENTES<\/strong> &#8211; <a href=\"https:\/\/www.marriott.com\/es\/hotels\/tijxi-city-express-tijuana-insurgentes\/overview\/\" target=\"_blank\" rel=\"noreferrer noopener\">www.Marriott.com<\/a><\/p>\n\n\n\n<figure class=\"wp-block-image size-full\"><img loading=\"lazy\" decoding=\"async\" width=\"800\" height=\"600\" src=\"https:\/\/aevbc.org\/wp-content\/uploads\/2025\/03\/192334a_hb_a_970.jpg\" alt=\"hotel city express tijuana\" class=\"wp-image-3320\" srcset=\"https:\/\/aevbc.org\/wp-content\/uploads\/2025\/03\/192334a_hb_a_970.jpg 800w, https:\/\/aevbc.org\/wp-content\/uploads\/2025\/03\/192334a_hb_a_970-300x225.jpg 300w, https:\/\/aevbc.org\/wp-content\/uploads\/2025\/03\/192334a_hb_a_970-768x576.jpg 768w, https:\/\/aevbc.org\/wp-content\/uploads\/2025\/03\/192334a_hb_a_970-560x420.jpg 560w, https:\/\/aevbc.org\/wp-content\/uploads\/2025\/03\/192334a_hb_a_970-80x60.jpg 80w, https:\/\/aevbc.org\/wp-content\/uploads\/2025\/03\/192334a_hb_a_970-696x522.jpg 696w, https:\/\/aevbc.org\/wp-content\/uploads\/2025\/03\/192334a_hb_a_970-265x198.jpg 265w\" sizes=\"auto, (max-width: 800px) 100vw, 800px\" \/><\/figure>\n\n\n\n<p>Frente a uno de los centros comerciales m\u00e1s grandes de la ciudad, encontrar\u00e1 el City Express by Marriott Tijuana Insurgentes que lo recibe con instalaciones modernas y 3 tipos de habitaci\u00f3n para elegir: queen, doble o superior. Inicie el d\u00eda con un desayuno americano en cortes\u00eda, mantenga su rutina en nuestro gimnasio o si viaja por temas laborales, pregunte por los horarios de la sala de juntas. Nuestra ubicaci\u00f3n ofrece un f\u00e1cil acceso a diversos sitios de inter\u00e9s en la ciudad; a 15 km se encuentran la Aduana de Tijuana &#8211; Garita El Chaparral y el Aeropuerto de Tijuana; y a menos de 3 km est\u00e1n el CETYS Universidad y un popular estadio de b\u00e9isbol. Si lo requiere, puede solicitar el servicio de transporte. \u00bfQuiere saber qu\u00e9 hacer en Tijuana? Disfrute de las actividades al aire libre que ofrece Parque Morelos, a solo 500 metros del hotel. Reserve su estancia en City Express by Marriott Tijuana Insurgentes y disfrute de comodidad y cercan\u00eda a las mejores atracciones de la ciudad y la frontera con EE.UU.<\/p>\n\n\n\n<p>Tarifas en habitaci\u00f3n:<\/p>\n\n\n\n<p>1 persona &#8211; $1,438<br>2 personas &#8211; $1,607<br>3 personas &#8211; $1,946<br>4 personas &#8211; $2,285<\/p>\n\n\n\n<p>Impuestos inclu\u00eddos, desayuno americano completo en cortes\u00eda.<\/p>\n\n\n\n<p>Blvd. Insurgentes No. 5950 Col. El Lago, Tijuana, B.C. C.P. 22210<br>MIYELI GIL<br>EJECUTIVO DE VENTAS<br>664-285-04-23<br>CLAVE DE RESERVACION <strong>\u201cCOPA MEXICO VOLEIBOL\u201d<\/strong><\/p>\n\n\n\n<p><\/p>\n\n\n\n<hr class=\"wp-block-separator has-alpha-channel-opacity is-style-dots\"\/>\n\n\n\n<p><strong>HOTEL AVID TIJUANA<\/strong><\/p>\n\n\n\n<figure class=\"wp-block-image size-large\"><img loading=\"lazy\" decoding=\"async\" width=\"791\" height=\"1024\" src=\"https:\/\/aevbc.org\/wp-content\/uploads\/2025\/03\/hotel-avid-791x1024.png\" alt=\"\" class=\"wp-image-3324\" srcset=\"https:\/\/aevbc.org\/wp-content\/uploads\/2025\/03\/hotel-avid-791x1024.png 791w, https:\/\/aevbc.org\/wp-content\/uploads\/2025\/03\/hotel-avid-232x300.png 232w, https:\/\/aevbc.org\/wp-content\/uploads\/2025\/03\/hotel-avid-768x994.png 768w, https:\/\/aevbc.org\/wp-content\/uploads\/2025\/03\/hotel-avid-1187x1536.png 1187w, https:\/\/aevbc.org\/wp-content\/uploads\/2025\/03\/hotel-avid-325x420.png 325w, https:\/\/aevbc.org\/wp-content\/uploads\/2025\/03\/hotel-avid-696x901.png 696w, https:\/\/aevbc.org\/wp-content\/uploads\/2025\/03\/hotel-avid-1068x1382.png 1068w, https:\/\/aevbc.org\/wp-content\/uploads\/2025\/03\/hotel-avid.png 1224w\" sizes=\"auto, (max-width: 791px) 100vw, 791px\" \/><\/figure>\n\n\n\n<hr class=\"wp-block-separator has-alpha-channel-opacity is-style-dots\"\/>\n\n\n\n<p><strong>HOTEL SLEEP INN TIJUANA<\/strong><\/p>\n\n\n\n<figure class=\"wp-block-image size-full\"><img loading=\"lazy\" decoding=\"async\" width=\"720\" height=\"945\" src=\"https:\/\/aevbc.org\/wp-content\/uploads\/2025\/03\/IMG-20250305-WA0006.jpg\" alt=\"sleep inn hotel tijuana\" class=\"wp-image-3334\" srcset=\"https:\/\/aevbc.org\/wp-content\/uploads\/2025\/03\/IMG-20250305-WA0006.jpg 720w, https:\/\/aevbc.org\/wp-content\/uploads\/2025\/03\/IMG-20250305-WA0006-229x300.jpg 229w, https:\/\/aevbc.org\/wp-content\/uploads\/2025\/03\/IMG-20250305-WA0006-320x420.jpg 320w, https:\/\/aevbc.org\/wp-content\/uploads\/2025\/03\/IMG-20250305-WA0006-696x914.jpg 696w\" sizes=\"auto, (max-width: 720px) 100vw, 720px\" \/><\/figure>\n\n\n\n<hr class=\"wp-block-separator has-alpha-channel-opacity is-style-dots\"\/>\n\n\n\n<p><strong>B MY HOTEL TIJUANA<\/strong><\/p>\n\n\n\n<figure class=\"wp-block-image size-large\"><img loading=\"lazy\" decoding=\"async\" width=\"724\" height=\"1024\" src=\"https:\/\/aevbc.org\/wp-content\/uploads\/2025\/03\/IMG-20250309-WA0016-724x1024.jpg\" alt=\"B My Hotel Tijuana\" class=\"wp-image-3337\" srcset=\"https:\/\/aevbc.org\/wp-content\/uploads\/2025\/03\/IMG-20250309-WA0016-724x1024.jpg 724w, https:\/\/aevbc.org\/wp-content\/uploads\/2025\/03\/IMG-20250309-WA0016-212x300.jpg 212w, https:\/\/aevbc.org\/wp-content\/uploads\/2025\/03\/IMG-20250309-WA0016-768x1086.jpg 768w, https:\/\/aevbc.org\/wp-content\/uploads\/2025\/03\/IMG-20250309-WA0016-1086x1536.jpg 1086w, https:\/\/aevbc.org\/wp-content\/uploads\/2025\/03\/IMG-20250309-WA0016-297x420.jpg 297w, https:\/\/aevbc.org\/wp-content\/uploads\/2025\/03\/IMG-20250309-WA0016-696x985.jpg 696w, https:\/\/aevbc.org\/wp-content\/uploads\/2025\/03\/IMG-20250309-WA0016-1068x1511.jpg 1068w, https:\/\/aevbc.org\/wp-content\/uploads\/2025\/03\/IMG-20250309-WA0016.jpg 1131w\" sizes=\"auto, (max-width: 724px) 100vw, 724px\" \/><\/figure>\n","protected":false},"excerpt":{"rendered":"<p>HOTEL GRAND ONE PLAZA (Hotel Sede de la Copa M\u00e9xico) Ubicado en el coraz\u00f3n vibrante de Tijuana, a pocos metros de la famosa Av. Revoluci\u00f3n. Disfruta del hotel m\u00e1s nuevo, con amenidades ideales para tus reuniones empresariales o sociales. Nuestro restaurante y bar tiene a &nbsp; y la comodidad. Con una ubicaci\u00f3n inmejorable, estamos a [&hellip;]<\/p>\n","protected":false},"author":1,"featured_media":0,"parent":0,"menu_order":0,"comment_status":"closed","ping_status":"closed","template":"","meta":{"footnotes":""},"class_list":["post-3317","page","type-page","status-publish"],"_links":{"self":[{"href":"https:\/\/aevbc.org\/index.php\/wp-json\/wp\/v2\/pages\/3317","targetHints":{"allow":["GET"]}}],"collection":[{"href":"https:\/\/aevbc.org\/index.php\/wp-json\/wp\/v2\/pages"}],"about":[{"href":"https:\/\/aevbc.org\/index.php\/wp-json\/wp\/v2\/types\/page"}],"author":[{"embeddable":true,"href":"https:\/\/aevbc.org\/index.php\/wp-json\/wp\/v2\/users\/1"}],"replies":[{"embeddable":true,"href":"https:\/\/aevbc.org\/index.php\/wp-json\/wp\/v2\/comments?post=3317"}],"version-history":[{"count":7,"href":"https:\/\/aevbc.org\/index.php\/wp-json\/wp\/v2\/pages\/3317\/revisions"}],"predecessor-version":[{"id":3338,"href":"https:\/\/aevbc.org\/index.php\/wp-json\/wp\/v2\/pages\/3317\/revisions\/3338"}],"wp:attachment":[{"href":"https:\/\/aevbc.org\/index.php\/wp-json\/wp\/v2\/media?parent=3317"}],"curies":[{"name":"wp","href":"https:\/\/api.w.org\/{rel}","templated":true}]}}